{"id":10057,"date":"2019-11-12T18:27:02","date_gmt":"2019-11-12T16:27:02","guid":{"rendered":"https:\/\/biancolievito.it\/?page_id=10057"},"modified":"2023-10-14T14:32:43","modified_gmt":"2023-10-14T12:32:43","slug":"basi-pasticceria","status":"publish","type":"page","link":"https:\/\/biancolievito.it\/en\/scuola-di-pasticceria\/basi-pasticceria\/","title":{"rendered":"Tutte le basi della Pasticceria"},"content":{"rendered":"<div data-elementor-type=\"wp-page\" data-elementor-id=\"10057\" class=\"elementor elementor-10057\" data-elementor-post-type=\"page\">\n\t\t\t\t\t\t<section class=\"elementor-section elementor-top-section elementor-element elementor-element-c4dbd35 elementor-section-boxed elementor-section-height-default elementor-section-height-default\" data-id=\"c4dbd35\" data-element_type=\"section\" data-e-type=\"section\">\n\t\t\t\t\t\t<div class=\"elementor-container elementor-column-gap-default\">\n\t\t\t\t\t<div class=\"elementor-column elementor-col-100 elementor-top-column elementor-element elementor-element-dc29e9f\" data-id=\"dc29e9f\" data-element_type=\"column\" data-e-type=\"column\">\n\t\t\t<div class=\"elementor-widget-wrap elementor-element-populated\">\n\t\t\t\t\t\t<div class=\"elementor-element elementor-element-c528dc3 elementor-widget elementor-widget-text-editor\" data-id=\"c528dc3\" data-element_type=\"widget\" data-e-type=\"widget\" data-widget_type=\"text-editor.default\">\n\t\t\t\t<div class=\"elementor-widget-container\">\n\t\t\t\t\t\t\t\t\t\n<p>Fare un buon dolce non \u00e8 solo una questione di ricetta, tanto che oggi se ne trovano cos\u00ec tante nel web che \u00e8 persino difficile stabilire quale sia la pi\u00f9 buona. Fare un buon dolce \u00e8 una questione di precisione, tecnica a conoscenza degli impasti di base della pasticceria artigianale, che comunemente chiamiamo <strong>Basi della Pasticceria<\/strong>.<\/p>\n\n<h2 class=\"wp-block-heading\">Basi pasticceria: perch\u00e9 \u00e8 importante conoscerle<\/h2>\n\n<p>Gli<strong> impasti base<\/strong> rappresentano quelle<strong> preparazioni che sono alla base di qualsiasi dolce<\/strong>. Non importa quanto sia complesso o sofisticato, perch\u00e9 scomponendo la ricetta ritroveremo sempre composti come il Pan di Spagna, la Pasta Frolla, Le Creme ed altre basi.<\/p>\n\n<p>Ed ecco allora<strong> un approfondimenti sugli impasti base in pasticceria<\/strong> per conoscere il ruolo di ogni ingrediente e le tecniche per prepararli al meglio.<\/p>\n\n<h2 class=\"wp-block-heading\">Impasti e preparazioni base della pasticceria artigianale<\/h2>\n\n<p><strong><a href=\"https:\/\/biancolievito.it\/en\/pastry-school\/frolla\/\">La Pasta Frolla <\/a><\/strong>\u00e8 uno degli impasti di base pi\u00f9 utilizzati sia a casa ch\u00e9 nella pasticceria artigianale . Crostate, tartellette, fondi per mousses la maggior parte dei biscotti sono tutti esempi di come si pu\u00f2 utilizzare la frolla.<\/p>\n\n<p>La sua particolarit\u00e0 consiste in una struttura secca e friabile ottenuta grazie all\u2019aggiunta dei grassi (generalmente del burro) e alla speciale lavorazione che permette di sviluppare solo una minima quantit\u00e0 di glutine.<\/p>\n\n<p>La cosa che maggiormente apprezzo della pasta frolla \u00e8 la sua versatilit\u00e0 e gli infiniti gradi di friabilit\u00e0 che si possono ottenere, semplicemente giocando con la proporzione degli ingredienti della ricetta!<\/p>\n\n<p><strong>Sponge Cake <\/strong>lo conosciamo tutti ed \u00e8 una <strong><a href=\"https:\/\/biancolievito.it\/en\/pastry-school\/masse-montate\/\">massa montata a base di uova<\/a><\/strong> che si caratterizza da una struttura molto soffice, ideale come base di partenza per moltissime torte tradizionali.<\/p>\n\n<p>Gli ingredienti del Pan di Spagna sono davvero semplici: Uova, Zucchero (sarebbe il caso di dire zuccheri, perch\u00e9 possiamo usare anche del miele), Farina e Amidi.<\/p>\n\n<p>Ancora una volta, variando le proporzioni degli ingredienti, possiamo ottenere un pan di spagna pi\u00f9 alveolato, o pi\u00f9 compatto a seconda del gusto e del dolce che vogliamo preparare; oppure ancora, possiamo arricchirlo con cacao, cioccolato o frutta secca per personalizzare al meglio la nostra ricetta.<\/p>\n\n<p><strong><a href=\"https:\/\/biancolievito.it\/en\/pastry-school\/custard\/\">Custard<\/a> <\/strong>\u00e8 sicuramente la base da cui partire per preparare moltissime ricette: dalla crema Chantilly, alle mousses fino alla crema Saint Honor\u00e9.<\/p>\n\n<p>Sebbene occorrano pochi ingredienti per preparare un\u2019ottima crema pasticcera, spesso i dubbi sono molti tra quale amido usare, quante uova aggiungere e molto altro. Ma non preoccupatevi, se avrete pazienza scopriremo insieme il mondo della Crema Pasticcera passo dopo passo.<\/p>\n\n<p><strong><a href=\"https:\/\/biancolievito.it\/en\/pastry-school\/choux-pastry\/\">La Pasta Choux o Pasta Bign\u00e9<\/a> <\/strong>ha un non so ch\u00e9 di magia proprio per la sua capacit\u00e0 di gonfiare in cottura e quasi scomparire all\u2019interno, lasciando un bign\u00e9 asciutto e croccante.<\/p>\n\n<p>La pasta Choux, di origine francese, \u00e8 un impasto base molto ricco di uova, che viene preparato partendo da una farina \u201cpre-cotta\u201d (tecnicamente si direbbe \u201cgelatinizzata\u201d).<\/p>\n\n<p>Gli elementi essenziali per un\u2019ottima pasta bign\u00e9 sono sicuramente il burro, che dona croccantezza al bign\u00e9 finale, e le uova, che invece sono responsabili della \u201cspinta\u201d e della tenuta dell\u2019impasto durante la cottura.<\/p>\n\n<p>Con la pasta choux si possono preparare deliziosi bign\u00e9, eclairs, o ancora famosi dolci francesi come il <a href=\"https:\/\/biancolievito.it\/paris-brest\/\"><strong>Paris-Brest<\/strong><\/a>.<\/p>\n\n<p><strong><a href=\"https:\/\/biancolievito.it\/en\/pastry-school\/puff-pastry\/\">Puff Pastry<\/a> <\/strong>\u00e8 una preparazioni base in pasticceria davvero geniale che sfrutta la stratificazione del burro all\u2019interno dell\u2019impasto per far s\u00ec che si formino una seria infinita di sfoglie durante la cottura.<\/p>\n\n<p>Una pasta sfoglia di qualit\u00e0 deve essere leggera e croccante e per questo la tecnica di preparazione deve seguire regole precise.<\/p>\n\n<p>Una caratteristica molto apprezzata della pasta sfoglia \u00e8 la sua versatilit\u00e0 nell\u2019abbracciare il mondo del dolce e del salato; ed ecco allora che possiamo preparare deliziosi dolci come il millefoglie, i cannoncini farciti, oppure stuzzicanti pizzette o salatini ideali per un aperitivo.<\/p>\n\n<p><strong><a href=\"https:\/\/biancolievito.it\/en\/pastry-school\/meringue\/\">La Meringa<\/a><\/strong> \u00e8 forse la meno conosciuta tra le basi di pasticceria , forse perch\u00e9 associata alla sola preparazione delle meringhe tradizionali.<\/p>\n\n<p>Al contrario, possiamo usare la meringa <em>(o sarebbe meglio dire i diversi tipi di meringa) <\/em>per apportare aria ed alleggerire composti come mousses e semifreddi, ma anche per preparare dolci diventati ormai famosi come i <a href=\"\/en\/tag\/macarons\/\">French Macarons<\/a> e la <a href=\"https:\/\/biancolievito.it\/en\/daquoise\/\">French Dacquoise<\/a>.<\/p>\n\n<p>Sebbene gli ingredienti siano davvero molto semplici (albume e zucchero) esistono almeno 3 tipologie differenti di meringa:<\/p>\n\n<p>La <a href=\"https:\/\/biancolievito.it\/en\/italian-meringue\/\">Italian Meringue<\/a> usata nella preparazione di creme e semifreddi e per decorare dolci da fiammeggiare<\/p>\n\n<p>La <a href=\"https:\/\/biancolievito.it\/meringa-svizzera\/\">Meringa Svizzera<\/a> , preparata a caldo, usata per formare soggetti da cuocere in forno (come i funghetti).<\/p>\n\n<p>La <strong>Meringa Francese<\/strong>, usata comunemente per preparare deliziose meringhe e macarons<\/p>\n\t\t\t\t\t\t\t\t<\/div>\n\t\t\t\t<\/div>\n\t\t\t\t<div class=\"elementor-element elementor-element-4edb961 elementor-widget elementor-widget-heading\" data-id=\"4edb961\" data-element_type=\"widget\" data-e-type=\"widget\" data-widget_type=\"heading.default\">\n\t\t\t\t<div class=\"elementor-widget-container\">\n\t\t\t\t\t<h3 class=\"elementor-heading-title elementor-size-default\">Inizia il tuo viaggio nella Scuola di Pasticceria di Biancolievito:<\/h3>\t\t\t\t<\/div>\n\t\t\t\t<\/div>\n\t\t\t\t\t<\/div>\n\t\t<\/div>\n\t\t\t\t\t<\/div>\n\t\t<\/section>\n\t\t\t\t<section class=\"elementor-section elementor-top-section elementor-element elementor-element-c9297be elementor-section-boxed elementor-section-height-default elementor-section-height-default\" data-id=\"c9297be\" data-element_type=\"section\" data-e-type=\"section\">\n\t\t\t\t\t\t<div class=\"elementor-container elementor-column-gap-default\">\n\t\t\t\t\t<div class=\"elementor-column elementor-col-100 elementor-top-column elementor-element elementor-element-f0456dc\" data-id=\"f0456dc\" data-element_type=\"column\" data-e-type=\"column\">\n\t\t\t<div class=\"elementor-widget-wrap elementor-element-populated\">\n\t\t\t\t\t\t<div class=\"elementor-element elementor-element-e8d57b8 elementor-grid-tablet-3 elementor-grid-mobile-2 elementor-grid-3 elementor-widget elementor-widget-portfolio\" data-id=\"e8d57b8\" data-element_type=\"widget\" data-e-type=\"widget\" data-settings=\"{&quot;row_gap&quot;:{&quot;unit&quot;:&quot;px&quot;,&quot;size&quot;:5,&quot;sizes&quot;:[]},&quot;columns_tablet&quot;:&quot;3&quot;,&quot;columns_mobile&quot;:&quot;2&quot;,&quot;columns&quot;:&quot;3&quot;,&quot;item_ratio&quot;:{&quot;unit&quot;:&quot;px&quot;,&quot;size&quot;:0.66,&quot;sizes&quot;:[]},&quot;item_gap&quot;:{&quot;unit&quot;:&quot;px&quot;,&quot;size&quot;:&quot;&quot;,&quot;sizes&quot;:[]}}\" data-widget_type=\"portfolio.default\">\n\t\t\t\t<div class=\"elementor-widget-container\">\n\t\t\t\t\t\t\t<div class=\"elementor-portfolio elementor-grid elementor-posts-container\" role=\"list\">\n\t\t\t\t<article class=\"elementor-portfolio-item elementor-post  post-8031 page type-page status-publish has-post-thumbnail hentry\" role=\"listitem\">\n\t\t\t<a class=\"elementor-post__thumbnail__link\" href=\"https:\/\/biancolievito.it\/en\/scuola-di-pasticceria\/crema-pasticcera\/\">\n\t\t\t\t<div class=\"elementor-portfolio-item__img elementor-post__thumbnail\">\n\t\t\t<img decoding=\"async\" width=\"480\" height=\"270\" src=\"https:\/\/biancolievito.it\/wp-content\/uploads\/2025\/09\/Copia-di-MASCHERA-WORDPRESS-1-2-480x270.webp\" class=\"attachment-wprm-metadata-16_9 size-wprm-metadata-16_9 wp-image-30445\" alt=\"crema pasticcera liscia e senza grumi preparata con vaniglia\" srcset=\"https:\/\/biancolievito.it\/wp-content\/uploads\/2025\/09\/Copia-di-MASCHERA-WORDPRESS-1-2-480x270.webp 480w, https:\/\/biancolievito.it\/wp-content\/uploads\/2025\/09\/Copia-di-MASCHERA-WORDPRESS-1-2-1200x675.webp 1200w, https:\/\/biancolievito.it\/wp-content\/uploads\/2025\/09\/Copia-di-MASCHERA-WORDPRESS-1-2-1300x731.webp 1300w, https:\/\/biancolievito.it\/wp-content\/uploads\/2025\/09\/Copia-di-MASCHERA-WORDPRESS-1-2-768x432.webp 768w, https:\/\/biancolievito.it\/wp-content\/uploads\/2025\/09\/Copia-di-MASCHERA-WORDPRESS-1-2-1536x864.webp 1536w, https:\/\/biancolievito.it\/wp-content\/uploads\/2025\/09\/Copia-di-MASCHERA-WORDPRESS-1-2-18x10.webp 18w, https:\/\/biancolievito.it\/wp-content\/uploads\/2025\/09\/Copia-di-MASCHERA-WORDPRESS-1-2-150x84.webp 150w, https:\/\/biancolievito.it\/wp-content\/uploads\/2025\/09\/Copia-di-MASCHERA-WORDPRESS-1-2.webp 1920w\" sizes=\"(max-width: 480px) 100vw, 480px\" title=\"\">\t\t<\/div>\n\t\t\t\t<div class=\"elementor-portfolio-item__overlay\">\n\t\t\t\t<h3 class=\"elementor-portfolio-item__title\">\n\t\tHomemade Custard Recipe (Classic Pastry Cream)\t\t<\/h3>\n\t\t\t\t<\/div>\n\t\t\t\t<\/a>\n\t\t<\/article>\n\t\t\t\t<article class=\"elementor-portfolio-item elementor-post  post-7841 page type-page status-publish has-post-thumbnail hentry\" role=\"listitem\">\n\t\t\t<a class=\"elementor-post__thumbnail__link\" href=\"https:\/\/biancolievito.it\/en\/scuola-di-pasticceria\/confetture\/\">\n\t\t\t\t<div class=\"elementor-portfolio-item__img elementor-post__thumbnail\">\n\t\t\t<img decoding=\"async\" width=\"480\" height=\"270\" src=\"https:\/\/biancolievito.it\/wp-content\/uploads\/2019\/05\/fullsizeoutput_89f-1_xt2yv2-e1589716928321-480x270.jpg\" class=\"attachment-wprm-metadata-16_9 size-wprm-metadata-16_9 wp-image-7843\" alt=\"confetture e marmellate\" srcset=\"https:\/\/biancolievito.it\/wp-content\/uploads\/2019\/05\/fullsizeoutput_89f-1_xt2yv2-e1589716928321-480x270.jpg 480w, https:\/\/biancolievito.it\/wp-content\/uploads\/2019\/05\/fullsizeoutput_89f-1_xt2yv2-e1589716928321-1200x675.jpg 1200w, https:\/\/biancolievito.it\/wp-content\/uploads\/2019\/05\/fullsizeoutput_89f-1_xt2yv2-e1589716928321-768x432.jpg 768w, https:\/\/biancolievito.it\/wp-content\/uploads\/2019\/05\/fullsizeoutput_89f-1_xt2yv2-e1589716928321-18x10.jpg 18w, https:\/\/biancolievito.it\/wp-content\/uploads\/2019\/05\/fullsizeoutput_89f-1_xt2yv2-e1589716928321-150x84.jpg 150w, https:\/\/biancolievito.it\/wp-content\/uploads\/2019\/05\/fullsizeoutput_89f-1_xt2yv2-e1589716928321-scaled.webp 1024w\" sizes=\"(max-width: 480px) 100vw, 480px\" title=\"\">\t\t<\/div>\n\t\t\t\t<div class=\"elementor-portfolio-item__overlay\">\n\t\t\t\t<h3 class=\"elementor-portfolio-item__title\">\n\t\tJams and Preserves: Techniques, Ingredients &amp; Storage Tips\t\t<\/h3>\n\t\t\t\t<\/div>\n\t\t\t\t<\/a>\n\t\t<\/article>\n\t\t\t\t<article class=\"elementor-portfolio-item elementor-post  post-296 page type-page status-publish has-post-thumbnail hentry\" role=\"listitem\">\n\t\t\t<a class=\"elementor-post__thumbnail__link\" href=\"https:\/\/biancolievito.it\/en\/scuola-di-pasticceria\/pasta-choux\/\">\n\t\t\t\t<div class=\"elementor-portfolio-item__img elementor-post__thumbnail\">\n\t\t\t<img decoding=\"async\" width=\"480\" height=\"270\" src=\"https:\/\/biancolievito.it\/wp-content\/uploads\/2025\/09\/Copia-di-MASCHERA-WORDPRESS-480x270.webp\" class=\"attachment-wprm-metadata-16_9 size-wprm-metadata-16_9 wp-image-30500\" alt=\"croccanti bign\u00e8 ripieni di crema chantilly\" srcset=\"https:\/\/biancolievito.it\/wp-content\/uploads\/2025\/09\/Copia-di-MASCHERA-WORDPRESS-480x270.webp 480w, https:\/\/biancolievito.it\/wp-content\/uploads\/2025\/09\/Copia-di-MASCHERA-WORDPRESS-1200x675.webp 1200w, https:\/\/biancolievito.it\/wp-content\/uploads\/2025\/09\/Copia-di-MASCHERA-WORDPRESS-1300x731.webp 1300w, https:\/\/biancolievito.it\/wp-content\/uploads\/2025\/09\/Copia-di-MASCHERA-WORDPRESS-768x432.webp 768w, https:\/\/biancolievito.it\/wp-content\/uploads\/2025\/09\/Copia-di-MASCHERA-WORDPRESS-1536x864.webp 1536w, https:\/\/biancolievito.it\/wp-content\/uploads\/2025\/09\/Copia-di-MASCHERA-WORDPRESS-18x10.webp 18w, https:\/\/biancolievito.it\/wp-content\/uploads\/2025\/09\/Copia-di-MASCHERA-WORDPRESS-150x84.webp 150w, https:\/\/biancolievito.it\/wp-content\/uploads\/2025\/09\/Copia-di-MASCHERA-WORDPRESS.webp 1920w\" sizes=\"(max-width: 480px) 100vw, 480px\" title=\"\">\t\t<\/div>\n\t\t\t\t<div class=\"elementor-portfolio-item__overlay\">\n\t\t\t\t<h3 class=\"elementor-portfolio-item__title\">\n\t\tChoux Pastry Recipe (P\u00e2te \u00e0 Choux) \u2013 How to Make Cream Puffs &amp; \u00c9clairs\t\t<\/h3>\n\t\t\t\t<\/div>\n\t\t\t\t<\/a>\n\t\t<\/article>\n\t\t\t\t<article class=\"elementor-portfolio-item elementor-post  post-292 page type-page status-publish has-post-thumbnail hentry\" role=\"listitem\">\n\t\t\t<a class=\"elementor-post__thumbnail__link\" href=\"https:\/\/biancolievito.it\/en\/scuola-di-pasticceria\/impasti-lievitati\/\">\n\t\t\t\t<div class=\"elementor-portfolio-item__img elementor-post__thumbnail\">\n\t\t\t<img decoding=\"async\" width=\"480\" height=\"270\" src=\"https:\/\/biancolievito.it\/wp-content\/uploads\/2018\/11\/shutterstock_1465133813-scaled-e1589707453485-480x270.jpg\" class=\"attachment-wprm-metadata-16_9 size-wprm-metadata-16_9 wp-image-10149\" alt=\"immagine su come fare il panettone biancolievito\" srcset=\"https:\/\/biancolievito.it\/wp-content\/uploads\/2018\/11\/shutterstock_1465133813-scaled-e1589707453485-480x270.jpg 480w, https:\/\/biancolievito.it\/wp-content\/uploads\/2018\/11\/shutterstock_1465133813-scaled-e1589707453485-1200x675.jpg 1200w, https:\/\/biancolievito.it\/wp-content\/uploads\/2018\/11\/shutterstock_1465133813-scaled-e1589707453485-768x432.jpg 768w, https:\/\/biancolievito.it\/wp-content\/uploads\/2018\/11\/shutterstock_1465133813-scaled-e1589707453485-18x10.jpg 18w, https:\/\/biancolievito.it\/wp-content\/uploads\/2018\/11\/shutterstock_1465133813-scaled-e1589707453485-150x84.jpg 150w, https:\/\/biancolievito.it\/wp-content\/uploads\/2018\/11\/shutterstock_1465133813-scaled-e1589707453485-scaled.webp 1024w\" sizes=\"(max-width: 480px) 100vw, 480px\" title=\"\">\t\t<\/div>\n\t\t\t\t<div class=\"elementor-portfolio-item__overlay\">\n\t\t\t\t<h3 class=\"elementor-portfolio-item__title\">\n\t\tLeavened Doughs Masterclass: From Sourdough to Preferments\t\t<\/h3>\n\t\t\t\t<\/div>\n\t\t\t\t<\/a>\n\t\t<\/article>\n\t\t\t\t<article class=\"elementor-portfolio-item elementor-post  post-285 page type-page status-publish has-post-thumbnail hentry\" role=\"listitem\">\n\t\t\t<a class=\"elementor-post__thumbnail__link\" href=\"https:\/\/biancolievito.it\/en\/scuola-di-pasticceria\/meringhe\/\">\n\t\t\t\t<div class=\"elementor-portfolio-item__img elementor-post__thumbnail\">\n\t\t\t<img decoding=\"async\" width=\"480\" height=\"270\" src=\"https:\/\/biancolievito.it\/wp-content\/uploads\/2019\/05\/shutterstock_142172272-e1589718107109-480x270.jpg\" class=\"attachment-wprm-metadata-16_9 size-wprm-metadata-16_9 wp-image-8764\" alt=\"macaron ripieno e ingredienti\" srcset=\"https:\/\/biancolievito.it\/wp-content\/uploads\/2019\/05\/shutterstock_142172272-e1589718107109-480x270.jpg 480w, https:\/\/biancolievito.it\/wp-content\/uploads\/2019\/05\/shutterstock_142172272-e1589718107109-768x432.jpg 768w, https:\/\/biancolievito.it\/wp-content\/uploads\/2019\/05\/shutterstock_142172272-e1589718107109-18x10.jpg 18w, https:\/\/biancolievito.it\/wp-content\/uploads\/2019\/05\/shutterstock_142172272-e1589718107109-150x84.jpg 150w, https:\/\/biancolievito.it\/wp-content\/uploads\/2019\/05\/shutterstock_142172272-e1589718107109.jpg 1000w\" sizes=\"(max-width: 480px) 100vw, 480px\" title=\"\">\t\t<\/div>\n\t\t\t\t<div class=\"elementor-portfolio-item__overlay\">\n\t\t\t\t<h3 class=\"elementor-portfolio-item__title\">\n\t\tMaster the Perfect Meringue: Tips, Techniques &amp; Variations\t\t<\/h3>\n\t\t\t\t<\/div>\n\t\t\t\t<\/a>\n\t\t<\/article>\n\t\t\t\t<article class=\"elementor-portfolio-item elementor-post  post-248 page type-page status-publish has-post-thumbnail hentry\" role=\"listitem\">\n\t\t\t<a class=\"elementor-post__thumbnail__link\" href=\"https:\/\/biancolievito.it\/en\/scuola-di-pasticceria\/pasta-sfoglia\/\">\n\t\t\t\t<div class=\"elementor-portfolio-item__img elementor-post__thumbnail\">\n\t\t\t<img decoding=\"async\" width=\"480\" height=\"270\" src=\"https:\/\/biancolievito.it\/wp-content\/uploads\/2019\/05\/shutterstock_114298960-e1589716595147-scaled-480x270.webp\" class=\"attachment-wprm-metadata-16_9 size-wprm-metadata-16_9 wp-image-8762\" alt=\"dolci secchi di pasta sfoglia\" srcset=\"https:\/\/biancolievito.it\/wp-content\/uploads\/2019\/05\/shutterstock_114298960-e1589716595147-scaled-480x270.webp 480w, https:\/\/biancolievito.it\/wp-content\/uploads\/2019\/05\/shutterstock_114298960-e1589716595147-scaled-768x432.webp 768w, https:\/\/biancolievito.it\/wp-content\/uploads\/2019\/05\/shutterstock_114298960-e1589716595147-scaled-18x10.webp 18w, https:\/\/biancolievito.it\/wp-content\/uploads\/2019\/05\/shutterstock_114298960-e1589716595147-scaled-150x84.webp 150w, https:\/\/biancolievito.it\/wp-content\/uploads\/2019\/05\/shutterstock_114298960-e1589716595147-scaled.webp 1024w\" sizes=\"(max-width: 480px) 100vw, 480px\" title=\"\">\t\t<\/div>\n\t\t\t\t<div class=\"elementor-portfolio-item__overlay\">\n\t\t\t\t<h3 class=\"elementor-portfolio-item__title\">\n\t\tHomemade Puff Pastry Recipe \u2013 Flaky, Buttery &amp; Step-by-Step\t\t<\/h3>\n\t\t\t\t<\/div>\n\t\t\t\t<\/a>\n\t\t<\/article>\n\t\t\t\t<article class=\"elementor-portfolio-item elementor-post  post-214 page type-page status-publish has-post-thumbnail hentry\" role=\"listitem\">\n\t\t\t<a class=\"elementor-post__thumbnail__link\" href=\"https:\/\/biancolievito.it\/en\/scuola-di-pasticceria\/pasta-frolla\/\">\n\t\t\t\t<div class=\"elementor-portfolio-item__img elementor-post__thumbnail\">\n\t\t\t<img decoding=\"async\" width=\"480\" height=\"270\" src=\"https:\/\/biancolievito.it\/wp-content\/uploads\/2019\/05\/shutterstock_117183652_p0u6ep-e1589716460104-480x270.jpg\" class=\"attachment-wprm-metadata-16_9 size-wprm-metadata-16_9 wp-image-1197\" alt=\"cookies a base di pasta frolla con scaglie di cioccolato\" srcset=\"https:\/\/biancolievito.it\/wp-content\/uploads\/2019\/05\/shutterstock_117183652_p0u6ep-e1589716460104-480x270.jpg 480w, https:\/\/biancolievito.it\/wp-content\/uploads\/2019\/05\/shutterstock_117183652_p0u6ep-e1589716460104-768x432.jpg 768w, https:\/\/biancolievito.it\/wp-content\/uploads\/2019\/05\/shutterstock_117183652_p0u6ep-e1589716460104-18x10.jpg 18w, https:\/\/biancolievito.it\/wp-content\/uploads\/2019\/05\/shutterstock_117183652_p0u6ep-e1589716460104-150x84.jpg 150w, https:\/\/biancolievito.it\/wp-content\/uploads\/2019\/05\/shutterstock_117183652_p0u6ep-e1589716460104.jpg 1000w\" sizes=\"(max-width: 480px) 100vw, 480px\" title=\"\">\t\t<\/div>\n\t\t\t\t<div class=\"elementor-portfolio-item__overlay\">\n\t\t\t\t<h3 class=\"elementor-portfolio-item__title\">\n\t\tShortcrust Pastry Recipe (Pasta Frolla) \u2013 Classic Tart &amp; Cookie Crust\t\t<\/h3>\n\t\t\t\t<\/div>\n\t\t\t\t<\/a>\n\t\t<\/article>\n\t\t\t\t<\/div>\n\t\t\t\t\t\t<\/div>\n\t\t\t\t<\/div>\n\t\t\t\t\t<\/div>\n\t\t<\/div>\n\t\t\t\t\t<\/div>\n\t\t<\/section>\n\t\t\t\t<\/div>","protected":false},"excerpt":{"rendered":"<p>Fare un buon dolce non \u00e8 solo una questione di ricetta, tanto che oggi se ne trovano cos\u00ec tante nel web che \u00e8 persino difficile stabilire quale sia la pi\u00f9 buona. Fare un buon dolce \u00e8 una questione di precisione, tecnica a conoscenza degli impasti di base della pasticceria artigianale, che comunemente chiamiamo Basi della [&hellip;]<\/p>\n","protected":false},"author":1,"featured_media":7868,"parent":116,"menu_order":0,"comment_status":"open","ping_status":"closed","template":"","meta":{"wprm-recipe-roundup-name":"","wprm-recipe-roundup-description":"","site-sidebar-layout":"right-sidebar","site-content-layout":"plain-container","ast-site-content-layout":"normal-width-container","site-content-style":"unboxed","site-sidebar-style":"unboxed","ast-global-header-display":"","ast-banner-title-visibility":"","ast-main-header-display":"","ast-hfb-above-header-display":"","ast-hfb-below-header-display":"","ast-hfb-mobile-header-display":"","site-post-title":"","ast-breadcrumbs-content":"","ast-featured-img":"","footer-sml-layout":"","ast-disable-related-posts":"","theme-transparent-header-meta":"default","adv-header-id-meta":"","stick-header-meta":"default","header-above-stick-meta":"","header-main-stick-meta":"","header-below-stick-meta":"","astra-migrate-meta-layouts":"set","ast-page-background-enabled":"default","ast-page-background-meta":{"desktop":{"background-color":"","background-image":"","background-repeat":"repeat","background-position":"center center","background-size":"auto","background-attachment":"scroll","background-type":"","background-media":"","overlay-type":"","overlay-color":"","overlay-opacity":"","overlay-gradient":""},"tablet":{"background-color":"","background-image":"","background-repeat":"repeat","background-position":"center center","background-size":"auto","background-attachment":"scroll","background-type":"","background-media":"","overlay-type":"","overlay-color":"","overlay-opacity":"","overlay-gradient":""},"mobile":{"background-color":"","background-image":"","background-repeat":"repeat","background-position":"center center","background-size":"auto","background-attachment":"scroll","background-type":"","background-media":"","overlay-type":"","overlay-color":"","overlay-opacity":"","overlay-gradient":""}},"ast-content-background-meta":{"desktop":{"background-color":"var(--ast-global-color-5)","background-image":"","background-repeat":"repeat","background-position":"center center","background-size":"auto","background-attachment":"scroll","background-type":"","background-media":"","overlay-type":"","overlay-color":"","overlay-opacity":"","overlay-gradient":""},"tablet":{"background-color":"var(--ast-global-color-5)","background-image":"","background-repeat":"repeat","background-position":"center center","background-size":"auto","background-attachment":"scroll","background-type":"","background-media":"","overlay-type":"","overlay-color":"","overlay-opacity":"","overlay-gradient":""},"mobile":{"background-color":"var(--ast-global-color-5)","background-image":"","background-repeat":"repeat","background-position":"center center","background-size":"auto","background-attachment":"scroll","background-type":"","background-media":"","overlay-type":"","overlay-color":"","overlay-opacity":"","overlay-gradient":""}},"footnotes":""},"class_list":["post-10057","page","type-page","status-publish","has-post-thumbnail","hentry"],"_links":{"self":[{"href":"https:\/\/biancolievito.it\/en\/wp-json\/wp\/v2\/pages\/10057","targetHints":{"allow":["GET"]}}],"collection":[{"href":"https:\/\/biancolievito.it\/en\/wp-json\/wp\/v2\/pages"}],"about":[{"href":"https:\/\/biancolievito.it\/en\/wp-json\/wp\/v2\/types\/page"}],"author":[{"embeddable":true,"href":"https:\/\/biancolievito.it\/en\/wp-json\/wp\/v2\/users\/1"}],"replies":[{"embeddable":true,"href":"https:\/\/biancolievito.it\/en\/wp-json\/wp\/v2\/comments?post=10057"}],"version-history":[{"count":0,"href":"https:\/\/biancolievito.it\/en\/wp-json\/wp\/v2\/pages\/10057\/revisions"}],"up":[{"embeddable":true,"href":"https:\/\/biancolievito.it\/en\/wp-json\/wp\/v2\/pages\/116"}],"wp:featuredmedia":[{"embeddable":true,"href":"https:\/\/biancolievito.it\/en\/wp-json\/wp\/v2\/media\/7868"}],"wp:attachment":[{"href":"https:\/\/biancolievito.it\/en\/wp-json\/wp\/v2\/media?parent=10057"}],"curies":[{"name":"wp","href":"https:\/\/api.w.org\/{rel}","templated":true}]}}