{"id":116,"date":"2014-10-20T21:58:44","date_gmt":"2014-10-20T19:58:44","guid":{"rendered":"https:\/\/181.224.143.178\/~biancoli\/?page_id=116"},"modified":"2024-03-09T16:59:41","modified_gmt":"2024-03-09T14:59:41","slug":"pastry-school","status":"publish","type":"page","link":"https:\/\/biancolievito.it\/en\/scuola-di-pasticceria\/","title":{"rendered":"My Artisanal Pastry School: Explore Pastry Dough Techniques &amp; Recipes"},"content":{"rendered":"<div data-elementor-type=\"wp-page\" data-elementor-id=\"116\" class=\"elementor elementor-116\" data-elementor-post-type=\"page\">\n\t\t\t\t<div class=\"elementor-element elementor-element-70c05f1 e-flex e-con-boxed e-con e-parent\" data-id=\"70c05f1\" data-element_type=\"container\" data-e-type=\"container\" data-no-translation=\"\">\n\t\t\t\t\t<div class=\"e-con-inner\">\n\t\t\t\t<div class=\"elementor-element elementor-element-caadf33 elementor-widget elementor-widget-text-editor\" data-id=\"caadf33\" data-element_type=\"widget\" data-e-type=\"widget\" data-widget_type=\"text-editor.default\">\n\t\t\t\t<div class=\"elementor-widget-container\">\n\t\t\t\t\t\t\t\t\t\n<p>There are many ways to make a cake. For example, following a recipe to the letter is very important because pastry is synonymous with precision. You can also ask yourself why each ingredient is used and what its function is within the recipe.<\/p>\n<p>And it is precisely for all those who want to explore this beautiful world that I created a virtual <strong>Pastry School<\/strong>, where you can learn about the most common Pastry Doughs.<\/p>\n<p><strong><a href=\"https:\/\/biancolievito.it\/en\/pastry-school\/shortcrust-pastry\/\" target=\"_blank\" rel=\"noopener\">Shortcrust<\/a><\/strong>, <strong><a href=\"https:\/\/biancolievito.it\/en\/pastry-school\/custard\/\" target=\"_blank\" rel=\"noopener\">Custard<\/a><\/strong>, <a href=\"https:\/\/biancolievito.it\/en\/pastry-school\/puff-pastry\/\" target=\"_blank\" rel=\"noopener\"><strong>Puff Pastry,<\/strong><\/a> or <strong><a href=\"https:\/\/biancolievito.it\/en\/pastry-school\/choux-pastry\/\" target=\"_blank\" rel=\"noopener\">Choux Pastry.<\/a> <\/strong>For each of them, I&#8217;ll try to bring you inside the recipe and understand the role of the ingredients and the different techniques you can use to succeed in your pastries!<\/p>\n<p>Let&#8217;s start!!<\/p>\n\t\t\t\t\t\t\t\t<\/div>\n\t\t\t\t<\/div>\n\t\t\t\t<div class=\"elementor-element elementor-element-829f97a elementor-widget elementor-widget-heading\" data-id=\"829f97a\" data-element_type=\"widget\" data-e-type=\"widget\" data-widget_type=\"heading.default\">\n\t\t\t\t<div class=\"elementor-widget-container\">\n\t\t\t\t\t<h2 class=\"elementor-heading-title elementor-size-default\">WHICH PASTRY DOUGH DO YOU WANT TO PREPARE TODAY?<\/h2>\t\t\t\t<\/div>\n\t\t\t\t<\/div>\n\t\t\t\t\t<\/div>\n\t\t\t\t<\/div>\n\t\t<div class=\"elementor-element elementor-element-06ef09e e-flex e-con-boxed e-con e-parent\" data-id=\"06ef09e\" data-element_type=\"container\" data-e-type=\"container\">\n\t\t\t\t\t<div class=\"e-con-inner\">\n\t\t\t\t<div class=\"elementor-element elementor-element-4d6fa5e elementor-posts--align-center elementor-grid-mobile-2 elementor-grid-2 elementor-grid-tablet-2 elementor-posts--thumbnail-top elementor-widget elementor-widget-posts\" data-id=\"4d6fa5e\" data-element_type=\"widget\" data-e-type=\"widget\" data-settings=\"{&quot;classic_row_gap&quot;:{&quot;unit&quot;:&quot;px&quot;,&quot;size&quot;:5,&quot;sizes&quot;:[]},&quot;classic_columns_mobile&quot;:&quot;2&quot;,&quot;classic_columns&quot;:&quot;2&quot;,&quot;classic_columns_tablet&quot;:&quot;2&quot;,&quot;classic_row_gap_tablet&quot;:{&quot;unit&quot;:&quot;px&quot;,&quot;size&quot;:&quot;&quot;,&quot;sizes&quot;:[]},&quot;classic_row_gap_mobile&quot;:{&quot;unit&quot;:&quot;px&quot;,&quot;size&quot;:&quot;&quot;,&quot;sizes&quot;:[]}}\" data-widget_type=\"posts.classic\">\n\t\t\t\t<div class=\"elementor-widget-container\">\n\t\t\t\t\t\t\t<div class=\"elementor-posts-container elementor-posts elementor-posts--skin-classic elementor-grid\" role=\"list\">\n\t\t\t\t<article class=\"elementor-post elementor-grid-item post-8031 page type-page status-publish has-post-thumbnail hentry\" role=\"listitem\">\n\t\t\t\t<a class=\"elementor-post__thumbnail__link\" href=\"https:\/\/biancolievito.it\/en\/scuola-di-pasticceria\/crema-pasticcera\/\" tabindex=\"-1\" >\n\t\t\t<div class=\"elementor-post__thumbnail\"><img decoding=\"async\" width=\"1920\" height=\"1080\" src=\"https:\/\/biancolievito.it\/wp-content\/uploads\/2025\/09\/Copia-di-MASCHERA-WORDPRESS-1-2.webp\" class=\"attachment-full size-full wp-image-30445\" alt=\"crema pasticcera liscia e senza grumi preparata con vaniglia\" title=\"\" srcset=\"https:\/\/biancolievito.it\/wp-content\/uploads\/2025\/09\/Copia-di-MASCHERA-WORDPRESS-1-2.webp 1920w, https:\/\/biancolievito.it\/wp-content\/uploads\/2025\/09\/Copia-di-MASCHERA-WORDPRESS-1-2-1200x675.webp 1200w, https:\/\/biancolievito.it\/wp-content\/uploads\/2025\/09\/Copia-di-MASCHERA-WORDPRESS-1-2-1300x731.webp 1300w, https:\/\/biancolievito.it\/wp-content\/uploads\/2025\/09\/Copia-di-MASCHERA-WORDPRESS-1-2-768x432.webp 768w, https:\/\/biancolievito.it\/wp-content\/uploads\/2025\/09\/Copia-di-MASCHERA-WORDPRESS-1-2-1536x864.webp 1536w, https:\/\/biancolievito.it\/wp-content\/uploads\/2025\/09\/Copia-di-MASCHERA-WORDPRESS-1-2-18x10.webp 18w, https:\/\/biancolievito.it\/wp-content\/uploads\/2025\/09\/Copia-di-MASCHERA-WORDPRESS-1-2-480x270.webp 480w, https:\/\/biancolievito.it\/wp-content\/uploads\/2025\/09\/Copia-di-MASCHERA-WORDPRESS-1-2-150x84.webp 150w\" sizes=\"(max-width: 1920px) 100vw, 1920px\" \/><\/div>\n\t\t<\/a>\n\t\t\t\t<div class=\"elementor-post__text\">\n\t\t\t\t<h3 class=\"elementor-post__title\">\n\t\t\t<a href=\"https:\/\/biancolievito.it\/en\/scuola-di-pasticceria\/crema-pasticcera\/\" >\n\t\t\t\tHomemade Custard Recipe (Classic Pastry Cream)\t\t\t<\/a>\n\t\t<\/h3>\n\t\t\t\t<\/div>\n\t\t\t\t<\/article>\n\t\t\t\t<article class=\"elementor-post elementor-grid-item post-214 page type-page status-publish has-post-thumbnail hentry\" role=\"listitem\">\n\t\t\t\t<a class=\"elementor-post__thumbnail__link\" href=\"https:\/\/biancolievito.it\/en\/scuola-di-pasticceria\/pasta-frolla\/\" tabindex=\"-1\" >\n\t\t\t<div class=\"elementor-post__thumbnail\"><img decoding=\"async\" width=\"1000\" height=\"562\" src=\"https:\/\/biancolievito.it\/wp-content\/uploads\/2019\/05\/shutterstock_117183652_p0u6ep-e1589716460104.jpg\" class=\"attachment-full size-full wp-image-1197\" alt=\"cookies a base di pasta frolla con scaglie di cioccolato\" title=\"\" srcset=\"https:\/\/biancolievito.it\/wp-content\/uploads\/2019\/05\/shutterstock_117183652_p0u6ep-e1589716460104.jpg 1000w, https:\/\/biancolievito.it\/wp-content\/uploads\/2019\/05\/shutterstock_117183652_p0u6ep-e1589716460104-768x432.jpg 768w, https:\/\/biancolievito.it\/wp-content\/uploads\/2019\/05\/shutterstock_117183652_p0u6ep-e1589716460104-18x10.jpg 18w, https:\/\/biancolievito.it\/wp-content\/uploads\/2019\/05\/shutterstock_117183652_p0u6ep-e1589716460104-480x270.jpg 480w, https:\/\/biancolievito.it\/wp-content\/uploads\/2019\/05\/shutterstock_117183652_p0u6ep-e1589716460104-150x84.jpg 150w\" sizes=\"(max-width: 1000px) 100vw, 1000px\" \/><\/div>\n\t\t<\/a>\n\t\t\t\t<div class=\"elementor-post__text\">\n\t\t\t\t<h3 class=\"elementor-post__title\">\n\t\t\t<a href=\"https:\/\/biancolievito.it\/en\/scuola-di-pasticceria\/pasta-frolla\/\" >\n\t\t\t\tShortcrust Pastry Recipe (Pasta Frolla) \u2013 Classic Tart &amp; Cookie Crust\t\t\t<\/a>\n\t\t<\/h3>\n\t\t\t\t<\/div>\n\t\t\t\t<\/article>\n\t\t\t\t<article class=\"elementor-post elementor-grid-item post-7841 page type-page status-publish has-post-thumbnail hentry\" role=\"listitem\">\n\t\t\t\t<a class=\"elementor-post__thumbnail__link\" href=\"https:\/\/biancolievito.it\/en\/scuola-di-pasticceria\/confetture\/\" tabindex=\"-1\" >\n\t\t\t<div class=\"elementor-post__thumbnail\"><img decoding=\"async\" width=\"1024\" height=\"576\" src=\"https:\/\/biancolievito.it\/wp-content\/uploads\/2019\/05\/fullsizeoutput_89f-1_xt2yv2-e1589716928321-scaled.webp\" class=\"attachment-full size-full wp-image-7843\" alt=\"confetture e marmellate\" title=\"\" srcset=\"https:\/\/biancolievito.it\/wp-content\/uploads\/2019\/05\/fullsizeoutput_89f-1_xt2yv2-e1589716928321-scaled.webp 1024w, https:\/\/biancolievito.it\/wp-content\/uploads\/2019\/05\/fullsizeoutput_89f-1_xt2yv2-e1589716928321-1200x675.jpg 1200w, https:\/\/biancolievito.it\/wp-content\/uploads\/2019\/05\/fullsizeoutput_89f-1_xt2yv2-e1589716928321-768x432.jpg 768w, https:\/\/biancolievito.it\/wp-content\/uploads\/2019\/05\/fullsizeoutput_89f-1_xt2yv2-e1589716928321-18x10.jpg 18w, https:\/\/biancolievito.it\/wp-content\/uploads\/2019\/05\/fullsizeoutput_89f-1_xt2yv2-e1589716928321-480x270.jpg 480w, https:\/\/biancolievito.it\/wp-content\/uploads\/2019\/05\/fullsizeoutput_89f-1_xt2yv2-e1589716928321-150x84.jpg 150w\" sizes=\"(max-width: 1024px) 100vw, 1024px\" \/><\/div>\n\t\t<\/a>\n\t\t\t\t<div class=\"elementor-post__text\">\n\t\t\t\t<h3 class=\"elementor-post__title\">\n\t\t\t<a href=\"https:\/\/biancolievito.it\/en\/scuola-di-pasticceria\/confetture\/\" >\n\t\t\t\tJams and Preserves: Techniques, Ingredients &amp; Storage Tips\t\t\t<\/a>\n\t\t<\/h3>\n\t\t\t\t<\/div>\n\t\t\t\t<\/article>\n\t\t\t\t<article class=\"elementor-post elementor-grid-item post-248 page type-page status-publish has-post-thumbnail hentry\" role=\"listitem\">\n\t\t\t\t<a class=\"elementor-post__thumbnail__link\" href=\"https:\/\/biancolievito.it\/en\/scuola-di-pasticceria\/pasta-sfoglia\/\" tabindex=\"-1\" >\n\t\t\t<div class=\"elementor-post__thumbnail\"><img decoding=\"async\" width=\"1024\" height=\"576\" src=\"https:\/\/biancolievito.it\/wp-content\/uploads\/2019\/05\/shutterstock_114298960-e1589716595147-scaled.webp\" class=\"attachment-full size-full wp-image-8762\" alt=\"dolci secchi di pasta sfoglia\" title=\"\" srcset=\"https:\/\/biancolievito.it\/wp-content\/uploads\/2019\/05\/shutterstock_114298960-e1589716595147-scaled.webp 1024w, https:\/\/biancolievito.it\/wp-content\/uploads\/2019\/05\/shutterstock_114298960-e1589716595147-scaled-768x432.webp 768w, https:\/\/biancolievito.it\/wp-content\/uploads\/2019\/05\/shutterstock_114298960-e1589716595147-scaled-18x10.webp 18w, https:\/\/biancolievito.it\/wp-content\/uploads\/2019\/05\/shutterstock_114298960-e1589716595147-scaled-480x270.webp 480w, https:\/\/biancolievito.it\/wp-content\/uploads\/2019\/05\/shutterstock_114298960-e1589716595147-scaled-150x84.webp 150w\" sizes=\"(max-width: 1024px) 100vw, 1024px\" \/><\/div>\n\t\t<\/a>\n\t\t\t\t<div class=\"elementor-post__text\">\n\t\t\t\t<h3 class=\"elementor-post__title\">\n\t\t\t<a href=\"https:\/\/biancolievito.it\/en\/scuola-di-pasticceria\/pasta-sfoglia\/\" >\n\t\t\t\tHomemade Puff Pastry Recipe \u2013 Flaky, Buttery &amp; Step-by-Step\t\t\t<\/a>\n\t\t<\/h3>\n\t\t\t\t<\/div>\n\t\t\t\t<\/article>\n\t\t\t\t<article class=\"elementor-post elementor-grid-item post-285 page type-page status-publish has-post-thumbnail hentry\" role=\"listitem\">\n\t\t\t\t<a class=\"elementor-post__thumbnail__link\" href=\"https:\/\/biancolievito.it\/en\/scuola-di-pasticceria\/meringhe\/\" tabindex=\"-1\" >\n\t\t\t<div class=\"elementor-post__thumbnail\"><img decoding=\"async\" width=\"1000\" height=\"562\" src=\"https:\/\/biancolievito.it\/wp-content\/uploads\/2019\/05\/shutterstock_142172272-e1589718107109.jpg\" class=\"attachment-full size-full wp-image-8764\" alt=\"macaron ripieno e ingredienti\" title=\"\" srcset=\"https:\/\/biancolievito.it\/wp-content\/uploads\/2019\/05\/shutterstock_142172272-e1589718107109.jpg 1000w, https:\/\/biancolievito.it\/wp-content\/uploads\/2019\/05\/shutterstock_142172272-e1589718107109-768x432.jpg 768w, https:\/\/biancolievito.it\/wp-content\/uploads\/2019\/05\/shutterstock_142172272-e1589718107109-18x10.jpg 18w, https:\/\/biancolievito.it\/wp-content\/uploads\/2019\/05\/shutterstock_142172272-e1589718107109-480x270.jpg 480w, https:\/\/biancolievito.it\/wp-content\/uploads\/2019\/05\/shutterstock_142172272-e1589718107109-150x84.jpg 150w\" sizes=\"(max-width: 1000px) 100vw, 1000px\" \/><\/div>\n\t\t<\/a>\n\t\t\t\t<div class=\"elementor-post__text\">\n\t\t\t\t<h3 class=\"elementor-post__title\">\n\t\t\t<a href=\"https:\/\/biancolievito.it\/en\/scuola-di-pasticceria\/meringhe\/\" >\n\t\t\t\tMaster the Perfect Meringue: Tips, Techniques &amp; Variations\t\t\t<\/a>\n\t\t<\/h3>\n\t\t\t\t<\/div>\n\t\t\t\t<\/article>\n\t\t\t\t<article class=\"elementor-post elementor-grid-item post-292 page type-page status-publish has-post-thumbnail hentry\" role=\"listitem\">\n\t\t\t\t<a class=\"elementor-post__thumbnail__link\" href=\"https:\/\/biancolievito.it\/en\/scuola-di-pasticceria\/impasti-lievitati\/\" tabindex=\"-1\" >\n\t\t\t<div class=\"elementor-post__thumbnail\"><img decoding=\"async\" width=\"1024\" height=\"576\" src=\"https:\/\/biancolievito.it\/wp-content\/uploads\/2018\/11\/shutterstock_1465133813-scaled-e1589707453485-scaled.webp\" class=\"attachment-full size-full wp-image-10149\" alt=\"immagine su come fare il panettone biancolievito\" title=\"\" srcset=\"https:\/\/biancolievito.it\/wp-content\/uploads\/2018\/11\/shutterstock_1465133813-scaled-e1589707453485-scaled.webp 1024w, https:\/\/biancolievito.it\/wp-content\/uploads\/2018\/11\/shutterstock_1465133813-scaled-e1589707453485-1200x675.jpg 1200w, https:\/\/biancolievito.it\/wp-content\/uploads\/2018\/11\/shutterstock_1465133813-scaled-e1589707453485-768x432.jpg 768w, https:\/\/biancolievito.it\/wp-content\/uploads\/2018\/11\/shutterstock_1465133813-scaled-e1589707453485-18x10.jpg 18w, https:\/\/biancolievito.it\/wp-content\/uploads\/2018\/11\/shutterstock_1465133813-scaled-e1589707453485-480x270.jpg 480w, https:\/\/biancolievito.it\/wp-content\/uploads\/2018\/11\/shutterstock_1465133813-scaled-e1589707453485-150x84.jpg 150w\" sizes=\"(max-width: 1024px) 100vw, 1024px\" \/><\/div>\n\t\t<\/a>\n\t\t\t\t<div class=\"elementor-post__text\">\n\t\t\t\t<h3 class=\"elementor-post__title\">\n\t\t\t<a href=\"https:\/\/biancolievito.it\/en\/scuola-di-pasticceria\/impasti-lievitati\/\" >\n\t\t\t\tLeavened Doughs Masterclass: From Sourdough to Preferments\t\t\t<\/a>\n\t\t<\/h3>\n\t\t\t\t<\/div>\n\t\t\t\t<\/article>\n\t\t\t\t<article class=\"elementor-post elementor-grid-item post-296 page type-page status-publish has-post-thumbnail hentry\" role=\"listitem\">\n\t\t\t\t<a class=\"elementor-post__thumbnail__link\" href=\"https:\/\/biancolievito.it\/en\/scuola-di-pasticceria\/pasta-choux\/\" tabindex=\"-1\" >\n\t\t\t<div class=\"elementor-post__thumbnail\"><img decoding=\"async\" width=\"1920\" height=\"1080\" src=\"https:\/\/biancolievito.it\/wp-content\/uploads\/2025\/09\/Copia-di-MASCHERA-WORDPRESS.webp\" class=\"attachment-full size-full wp-image-30500\" alt=\"croccanti bign\u00e8 ripieni di crema chantilly\" title=\"\" srcset=\"https:\/\/biancolievito.it\/wp-content\/uploads\/2025\/09\/Copia-di-MASCHERA-WORDPRESS.webp 1920w, https:\/\/biancolievito.it\/wp-content\/uploads\/2025\/09\/Copia-di-MASCHERA-WORDPRESS-1200x675.webp 1200w, https:\/\/biancolievito.it\/wp-content\/uploads\/2025\/09\/Copia-di-MASCHERA-WORDPRESS-1300x731.webp 1300w, https:\/\/biancolievito.it\/wp-content\/uploads\/2025\/09\/Copia-di-MASCHERA-WORDPRESS-768x432.webp 768w, https:\/\/biancolievito.it\/wp-content\/uploads\/2025\/09\/Copia-di-MASCHERA-WORDPRESS-1536x864.webp 1536w, https:\/\/biancolievito.it\/wp-content\/uploads\/2025\/09\/Copia-di-MASCHERA-WORDPRESS-18x10.webp 18w, https:\/\/biancolievito.it\/wp-content\/uploads\/2025\/09\/Copia-di-MASCHERA-WORDPRESS-480x270.webp 480w, https:\/\/biancolievito.it\/wp-content\/uploads\/2025\/09\/Copia-di-MASCHERA-WORDPRESS-150x84.webp 150w\" sizes=\"(max-width: 1920px) 100vw, 1920px\" \/><\/div>\n\t\t<\/a>\n\t\t\t\t<div class=\"elementor-post__text\">\n\t\t\t\t<h3 class=\"elementor-post__title\">\n\t\t\t<a href=\"https:\/\/biancolievito.it\/en\/scuola-di-pasticceria\/pasta-choux\/\" >\n\t\t\t\tChoux Pastry Recipe (P\u00e2te \u00e0 Choux) \u2013 How to Make Cream Puffs &amp; \u00c9clairs\t\t\t<\/a>\n\t\t<\/h3>\n\t\t\t\t<\/div>\n\t\t\t\t<\/article>\n\t\t\t\t<article class=\"elementor-post elementor-grid-item post-26975 page type-page status-publish has-post-thumbnail hentry\" role=\"listitem\">\n\t\t\t\t<a class=\"elementor-post__thumbnail__link\" href=\"https:\/\/biancolievito.it\/en\/scuola-di-pasticceria\/pan-di-spagna\/\" tabindex=\"-1\" >\n\t\t\t<div class=\"elementor-post__thumbnail\"><img decoding=\"async\" width=\"1920\" height=\"1080\" src=\"https:\/\/biancolievito.it\/wp-content\/uploads\/2025\/10\/Copia-di-MASCHERA-WORDPRESS-4.webp\" class=\"attachment-full size-full wp-image-30622\" alt=\"fette di Pan di Spagna\" title=\"\" srcset=\"https:\/\/biancolievito.it\/wp-content\/uploads\/2025\/10\/Copia-di-MASCHERA-WORDPRESS-4.webp 1920w, https:\/\/biancolievito.it\/wp-content\/uploads\/2025\/10\/Copia-di-MASCHERA-WORDPRESS-4-1200x675.webp 1200w, https:\/\/biancolievito.it\/wp-content\/uploads\/2025\/10\/Copia-di-MASCHERA-WORDPRESS-4-1300x731.png 1300w, https:\/\/biancolievito.it\/wp-content\/uploads\/2025\/10\/Copia-di-MASCHERA-WORDPRESS-4-768x432.png 768w, https:\/\/biancolievito.it\/wp-content\/uploads\/2025\/10\/Copia-di-MASCHERA-WORDPRESS-4-1536x864.png 1536w, https:\/\/biancolievito.it\/wp-content\/uploads\/2025\/10\/Copia-di-MASCHERA-WORDPRESS-4-18x10.png 18w, https:\/\/biancolievito.it\/wp-content\/uploads\/2025\/10\/Copia-di-MASCHERA-WORDPRESS-4-480x270.png 480w, https:\/\/biancolievito.it\/wp-content\/uploads\/2025\/10\/Copia-di-MASCHERA-WORDPRESS-4-150x84.png 150w\" sizes=\"(max-width: 1920px) 100vw, 1920px\" \/><\/div>\n\t\t<\/a>\n\t\t\t\t<div class=\"elementor-post__text\">\n\t\t\t\t<h3 class=\"elementor-post__title\">\n\t\t\t<a href=\"https:\/\/biancolievito.it\/en\/scuola-di-pasticceria\/pan-di-spagna\/\" >\n\t\t\t\tSponge Cake Recipe (Classic Genoise, No Baking Powder)\t\t\t<\/a>\n\t\t<\/h3>\n\t\t\t\t<\/div>\n\t\t\t\t<\/article>\n\t\t\t\t<\/div>\n\t\t\n\t\t\t\t\t\t<\/div>\n\t\t\t\t<\/div>\n\t\t\t\t\t<\/div>\n\t\t\t\t<\/div>\n\t\t\t\t<\/div>","protected":false},"excerpt":{"rendered":"<p>Si pu\u00f2 fare un dolce in molti modi. Per esempio seguendo alla lettera una ricetta, e questo \u00e8 molto importante perch\u00e9 la Pasticceria \u00e8 sinonimo<\/p>","protected":false},"author":1,"featured_media":9852,"parent":0,"menu_order":3,"comment_status":"closed","ping_status":"closed","template":"","meta":{"wprm-recipe-roundup-name":"","wprm-recipe-roundup-description":"","site-sidebar-layout":"no-sidebar","site-content-layout":"plain-container","ast-site-content-layout":"default","site-content-style":"default","site-sidebar-style":"default","ast-global-header-display":"","ast-banner-title-visibility":"","ast-main-header-display":"","ast-hfb-above-header-display":"","ast-hfb-below-header-display":"","ast-hfb-mobile-header-display":"","site-post-title":"","ast-breadcrumbs-content":"","ast-featured-img":"disabled","footer-sml-layout":"","ast-disable-related-posts":"","theme-transparent-header-meta":"default","adv-header-id-meta":"","stick-header-meta":"default","header-above-stick-meta":"","header-main-stick-meta":"","header-below-stick-meta":"","astra-migrate-meta-layouts":"default","ast-page-background-enabled":"default","ast-page-background-meta":{"desktop":{"background-color":"","background-image":"","background-repeat":"repeat","background-position":"center center","background-size":"auto","background-attachment":"scroll","background-type":"","background-media":"","overlay-type":"","overlay-color":"","overlay-opacity":"","overlay-gradient":""},"tablet":{"background-color":"","background-image":"","background-repeat":"repeat","background-position":"center center","background-size":"auto","background-attachment":"scroll","background-type":"","background-media":"","overlay-type":"","overlay-color":"","overlay-opacity":"","overlay-gradient":""},"mobile":{"background-color":"","background-image":"","background-repeat":"repeat","background-position":"center center","background-size":"auto","background-attachment":"scroll","background-type":"","background-media":"","overlay-type":"","overlay-color":"","overlay-opacity":"","overlay-gradient":""}},"ast-content-background-meta":{"desktop":{"background-color":"var(--ast-global-color-5)","background-image":"","background-repeat":"repeat","background-position":"center center","background-size":"auto","background-attachment":"scroll","background-type":"","background-media":"","overlay-type":"","overlay-color":"","overlay-opacity":"","overlay-gradient":""},"tablet":{"background-color":"var(--ast-global-color-5)","background-image":"","background-repeat":"repeat","background-position":"center center","background-size":"auto","background-attachment":"scroll","background-type":"","background-media":"","overlay-type":"","overlay-color":"","overlay-opacity":"","overlay-gradient":""},"mobile":{"background-color":"var(--ast-global-color-5)","background-image":"","background-repeat":"repeat","background-position":"center center","background-size":"auto","background-attachment":"scroll","background-type":"","background-media":"","overlay-type":"","overlay-color":"","overlay-opacity":"","overlay-gradient":""}},"footnotes":""},"class_list":["post-116","page","type-page","status-publish","has-post-thumbnail","hentry"],"_links":{"self":[{"href":"https:\/\/biancolievito.it\/en\/wp-json\/wp\/v2\/pages\/116","targetHints":{"allow":["GET"]}}],"collection":[{"href":"https:\/\/biancolievito.it\/en\/wp-json\/wp\/v2\/pages"}],"about":[{"href":"https:\/\/biancolievito.it\/en\/wp-json\/wp\/v2\/types\/page"}],"author":[{"embeddable":true,"href":"https:\/\/biancolievito.it\/en\/wp-json\/wp\/v2\/users\/1"}],"replies":[{"embeddable":true,"href":"https:\/\/biancolievito.it\/en\/wp-json\/wp\/v2\/comments?post=116"}],"version-history":[{"count":0,"href":"https:\/\/biancolievito.it\/en\/wp-json\/wp\/v2\/pages\/116\/revisions"}],"wp:featuredmedia":[{"embeddable":true,"href":"https:\/\/biancolievito.it\/en\/wp-json\/wp\/v2\/media\/9852"}],"wp:attachment":[{"href":"https:\/\/biancolievito.it\/en\/wp-json\/wp\/v2\/media?parent=116"}],"curies":[{"name":"wp","href":"https:\/\/api.w.org\/{rel}","templated":true}]}}